{"id":3,"date":"2020-05-01T18:00:41","date_gmt":"2020-05-01T18:00:41","guid":{"rendered":"http:\/\/nikoripka.de\/?page_id=3"},"modified":"2025-01-31T20:05:52","modified_gmt":"2025-01-31T19:05:52","slug":"impressum-datenschutz","status":"publish","type":"page","link":"https:\/\/nikoripka.de\/en\/impressum-datenschutz\/","title":{"rendered":"Impressum &amp; Datenschutz"},"content":{"rendered":"<h2 class=\"wp-block-heading\">Verant\u00adwort\u00adliche&nbsp;Person<\/h2>\n\n\n\n<p>Nikolas Ripka<br>Gertrud-Feiertag-Str. 3<br>14469 Potsdam<\/p>\n\n\n\n<p><a href=\"mailto:mail@nikoripka.de\" target=\"_blank\" rel=\"noreferrer noopener\">mail@nikoripka.de<\/a><\/p>\n\n\n\n<h2 class=\"wp-block-heading\">Haftungs\u00adaus\u00adschluss<\/h2>\n\n\n\n<p>Unser Angebot enth\u00e4lt Links zu externen Webseiten Dritter, auf deren Inhalte wir keinen Einfluss haben. Deshalb k\u00f6nnen wir f\u00fcr diese fremden Inhalte auch keine Gew\u00e4hr \u00fcbernehmen. F\u00fcr die Inhalte der verlinkten Seiten ist stets der jeweilige Anbieter oder Betreiber der Seiten verant\u00adwortlich. Die verlinkten Seiten wurden zum Zeitpunkt der Verlinkung auf m\u00f6gliche Rechts\u00adver\u00adst\u00f6\u00dfe \u00fcberpr\u00fcft. Rechts\u00adwidrige Inhalte waren zum Zeitpunkt der Verlinkung nicht erkennbar. Eine perma\u00adnente inhalt\u00adliche Kontrolle der verlinkten Seiten ist jedoch ohne konkrete Anhalts\u00adpunkte einer Rechts\u00adver\u00adletzung nicht zumutbar. Bei Bekannt\u00adwerden von Rechts\u00adver\u00adlet\u00adzungen werden wir derartige Links umgehend&nbsp;entfernen.<\/p>\n\n\n\n<h2 class=\"wp-block-heading\">Urheber\u00adrecht<\/h2>\n\n\n\n<p>Die durch die Seiten\u00adbe\u00adtreiber erstellten Inhalte und Werke auf diesen Seiten unter\u00adliegen dem deutschen Urheber\u00adrecht. Die Verviel\u00adf\u00e4l\u00adtigung, Bearbeitung, Verbreitung und jede Art der Verwertung au\u00dferhalb der Grenzen des Urheber\u00adrechtes bed\u00fcrfen der schrift\u00adlichen Zustimmung des jewei\u00adligen Autors bzw. Erstellers. Downloads und Kopien dieser Seite sind nur f\u00fcr den privaten, nicht kommer\u00adzi\u00adellen Gebrauch gestattet. Soweit die Inhalte auf dieser Seite nicht vom Betreiber erstellt wurden, werden die Urheber\u00adrechte Dritter beachtet. Insbe\u00adsondere werden Inhalte Dritter als solche gekenn\u00adzeichnet. Sollten Sie trotzdem auf eine Urheber\u00adrechts\u00adver\u00adletzung aufmerksam werden, bitten wir um einen entspre\u00adchenden Hinweis. Bei Bekannt\u00adwerden von Rechts\u00adver\u00adlet\u00adzungen werden wir derartige Inhalte umgehend&nbsp;entfernen.<\/p>\n\n\n\n<h2 class=\"wp-block-heading\">Daten\u00adschutz<\/h2>\n\n\n\n<h3 class=\"wp-block-heading\">Verant\u00adwort\u00adliche&nbsp;Stelle<\/h3>\n\n\n\n<p>Die verant\u00adwort\u00adliche Stelle f\u00fcr die Daten\u00adver\u00adar\u00adbeitung auf dieser Website&nbsp;ist:<\/p>\n\n\n\n<p>Nikolas Ripka<br>Gertrud-Feiertag-Str. 3<br>14469 Potsdam<\/p>\n\n\n\n<p>Die verant\u00adwort\u00adliche Stelle entscheidet allein oder gemeinsam mit anderen \u00fcber die Zwecke und Mittel der Verar\u00adbeitung von perso\u00adnen\u00adbe\u00adzo\u00adgenen Daten (z.B. Namen, Kontakt\u00addaten o.&nbsp;\u00c4.).<\/p>\n\n\n\n<h3 class=\"wp-block-heading\">Widerruf Ihrer Einwil\u00adligung zur Datenverarbeitung<\/h3>\n\n\n\n<p>Nur mit Ihrer ausdr\u00fcck\u00adlichen Einwil\u00adligung sind einige Vorg\u00e4nge der Daten\u00adver\u00adar\u00adbeitung m\u00f6glich. Ein Widerruf Ihrer bereits erteilten Einwil\u00adligung ist jederzeit m\u00f6glich. F\u00fcr den Widerruf gen\u00fcgt eine formlose Mitteilung per E\u2011Mail. Die Recht\u00adm\u00e4\u00ad\u00dfigkeit der bis zum Widerruf erfolgten Daten\u00adver\u00adar\u00adbeitung bleibt vom Widerruf&nbsp;unber\u00fchrt.<\/p>\n\n\n\n<h3 class=\"wp-block-heading\">Recht auf Beschwerde bei der zust\u00e4n\u00addigen Aufsichtsbeh\u00f6rde<\/h3>\n\n\n\n<p>Als Betroffene:r steht Ihnen im Falle eines daten\u00adschutz\u00adrecht\u00adlichen Versto\u00dfes ein Beschwer\u00adde\u00adrecht bei der zust\u00e4n\u00addigen Aufsichts\u00adbe\u00adh\u00f6rde zu. Zust\u00e4ndige Aufsichts\u00adbe\u00adh\u00f6rde bez\u00fcglich daten\u00adschutz\u00adrecht\u00adlicher Fragen ist der Landes\u00adda\u00adten\u00adschutz\u00adbe\u00adauf\u00adtragte des Bundes\u00adlandes, in dem sich der Sitz unseres Unter\u00adnehmens befindet. Der folgende Link stellt eine Liste der Daten\u00adschutz\u00adbe\u00adauf\u00adtragten sowie deren Kontakt\u00addaten bereit:&nbsp;<a href=\"https:\/\/www.bfdi.bund.de\/DE\/Infothek\/Anschriften_Links\/anschriften_links-node.html\" target=\"_blank\" rel=\"noreferrer noopener\">https:\/\/www.bfdi.bund.de\/DE\/Infothek\/Anschriften_Links\/anschriften_links-node.html<\/a>.<\/p>\n\n\n\n<h3 class=\"wp-block-heading\">Recht auf Daten\u00fcbertragbarkeit<\/h3>\n\n\n\n<p>Ihnen steht das Recht zu, Daten, die wir auf Grundlage Ihrer Einwil\u00adligung oder in Erf\u00fcllung eines Vertrags automa\u00adti\u00adsiert verar\u00adbeiten, an sich oder an Dritte aush\u00e4n\u00addigen zu lassen. Die Bereit\u00adstellung erfolgt in einem maschi\u00adnen\u00adles\u00adbaren Format. Sofern Sie die direkte \u00dcbertragung der Daten an einen anderen Verant\u00adwort\u00adlichen verlangen, erfolgt dies nur, soweit es technisch machbar&nbsp;ist.<\/p>\n\n\n\n<h3 class=\"wp-block-heading\">Recht auf Auskunft, Berich\u00adtigung, Sperrung,&nbsp;L\u00f6schung<\/h3>\n\n\n\n<p>Sie haben jederzeit im Rahmen der geltenden gesetz\u00adlichen Bestim\u00admungen das Recht auf unent\u00adgelt\u00adliche Auskunft \u00fcber Ihre gespei\u00adcherten perso\u00adnen\u00adbe\u00adzo\u00adgenen Daten, Herkunft der Daten, deren Empf\u00e4nger und den Zweck der Daten\u00adver\u00adar\u00adbeitung und ggf. ein Recht auf Berich\u00adtigung, Sperrung oder L\u00f6schung dieser Daten. Diesbe\u00adz\u00fcglich und auch zu weiteren Fragen zum Thema perso\u00adnen\u00adbe\u00adzogene Daten k\u00f6nnen Sie sich jederzeit \u00fcber die im Impressum aufge\u00adf\u00fchrten Kontakt\u00adm\u00f6g\u00adlich\u00adkeiten an uns&nbsp;wenden.<\/p>\n\n\n\n<h3 class=\"wp-block-heading\">SSL- bzw. TLS-Verschl\u00fcsselung<\/h3>\n\n\n\n<p>Aus Sicher\u00adheits\u00adgr\u00fcnden und zum Schutz der \u00dcbertragung vertrau\u00adlicher Inhalte, die Sie an uns als Seiten\u00adbe\u00adtreiber senden, nutzt unsere Website eine SSL-bzw. TLS-Verschl\u00fcs\u00adselung. Damit sind Daten, die Sie \u00fcber diese Website \u00fcbermitteln, f\u00fcr Dritte nicht mitlesbar. Sie erkennen eine verschl\u00fcs\u00adselte Verbindung an der \u201ehttps:\/\/\u201c Adress\u00adzeile Ihres Browsers und am Schloss-Symbol in der Browserzeile.<\/p>\n\n\n\n<h3 class=\"wp-block-heading\">Matomo<\/h3>\n\n\n\n<p>Unsere Website verwendet den Webana\u00adly\u00adse\u00addienst Matomo. Matomo ist eine Open Source&nbsp;L\u00f6sung.<\/p>\n\n\n\n<p>Matomo verwendet \u201eCookies.\u201c Das sind kleine Textda\u00adteien, die Ihr Webbrowser auf Ihrem Endger\u00e4t speichert und die eine Analyse der Website-Benutzung erm\u00f6g\u00adlichen. Mittels Cookie erzeugte Infor\u00adma\u00adtionen \u00fcber die Benutzung unserer Website werden auf unserem Server gespei\u00adchert. Vor der Speicherung erfolgt eine Anony\u00admi\u00adsierung Ihrer&nbsp;IP-Adresse.<\/p>\n\n\n\n<p>Cookies von Matomo verbleiben auf Ihrem Endger\u00e4t, bis Sie eine L\u00f6schung&nbsp;vornehmen.<\/p>\n\n\n\n<p>Das Setzen von Matomo-Cookies erfolgt auf Grundlage von Art. 6 Abs. 1 lit. f DSGVO. Als Betreiber dieser Website haben wir ein berech\u00adtigtes Interesse an der anony\u00admi\u00adsierten Analyse des Nutzer\u00adver\u00adhaltens, um sowohl unser Weban\u00adgebot und ggf. auch Werbung zu&nbsp;optimieren.<\/p>\n\n\n\n<p>Es erfolgt keine Weitergabe der im Matomo-Cookie gespei\u00adcherten Infor\u00adma\u00adtionen \u00fcber die Benutzung dieser Website. Das Setzen von Cookies durch Ihren Webbrowser ist verhin\u00adderbar. Einige Funktionen unserer Website k\u00f6nnten dadurch jedoch einge\u00adschr\u00e4nkt&nbsp;werden.<\/p>\n\n\n\n<p>Sie k\u00f6nnen hier die Speicherung und Nutzung Ihrer Daten deakti\u00advieren. Ihr Browser setzt ein Opt-Out-Cookie, welches die Speicherung von Matomo Nutzungs\u00addaten unter\u00adbindet. Wenn Sie Ihre Cookies l\u00f6schen, wird auch das Matomo Opt-Out-Cookie entfernt. Bei einem erneuten Besuch unserer Website ist das Opt-Out-Cookie zur Unter\u00adbindung der Speicherung und Nutzung Ihrer Daten erneut zu&nbsp;setzen.<\/p>\n\n\n\n<div class=\"privacy\"><iframe id=\"wpado_piwik_privacy\" data-src=\"https:\/\/nikoripka.de\/stats\/?module=CoreAdminHome&amp;action=optOut&amp;language=\" height=\"200px\" width=\"100%\" frameborder=\"0\" marginwidth=\"0\" marginheight=\"0\" scrolling=\"no\" src=\"data:image\/svg+xml;base64,PHN2ZyB3aWR0aD0iMSIgaGVpZ2h0PSIxIiB4bWxucz0iaHR0cDovL3d3dy53My5vcmcvMjAwMC9zdmciPjwvc3ZnPg==\" class=\"lazyload\" data-load-mode=\"1\"><\/iframe><\/div>","protected":false},"excerpt":{"rendered":"<p>Verant\u00adwort\u00adliche Person Nikolas Ripka\u00adGertrud-Feiertag-Str. 314469 Potsdam mail@nikoripka.de Haftungs\u00adaus\u00adschluss Unser Angebot enth\u00e4lt Links zu externen Webseiten Dritter, auf deren Inhalte wir keinen Einfluss haben. Deshalb k\u00f6nnen wir f\u00fcr&nbsp;diese\u2026<\/p>","protected":false},"author":1,"featured_media":0,"parent":0,"menu_order":5,"comment_status":"closed","ping_status":"closed","template":"","meta":{"inline_featured_image":false,"wp_typography_post_enhancements_disabled":false,"footnotes":""},"class_list":["post-3","page","type-page","status-publish","hentry"],"yoast_head":"<!-- This site is optimized with the Yoast SEO plugin v27.1.1 - https:\/\/yoast.com\/product\/yoast-seo-wordpress\/ -->\n<title>Impressum &amp; Datenschutz &#8211; Niko Ripka<\/title>\n<meta name=\"robots\" content=\"index, follow, max-snippet:-1, max-image-preview:large, max-video-preview:-1\" \/>\n<link rel=\"canonical\" href=\"https:\/\/nikoripka.de\/en\/impressum-datenschutz\/\" \/>\n<meta property=\"og:locale\" content=\"en_GB\" \/>\n<meta property=\"og:type\" content=\"article\" \/>\n<meta property=\"og:title\" content=\"Impressum &amp; Datenschutz &#8211; Niko Ripka\" \/>\n<meta property=\"og:description\" content=\"Verantwortliche Person Nikolas RipkaGertrud-Feiertag-Str. 314469 Potsdam mail@nikoripka.de Haftungsausschluss Unser Angebot enth\u00e4lt Links zu externen Webseiten Dritter, auf deren Inhalte wir keinen Einfluss haben. Deshalb k\u00f6nnen wir f\u00fcr diese...\" \/>\n<meta property=\"og:url\" content=\"https:\/\/nikoripka.de\/en\/impressum-datenschutz\/\" \/>\n<meta property=\"og:site_name\" content=\"Niko Ripka\" \/>\n<meta property=\"article:modified_time\" content=\"2025-01-31T19:05:52+00:00\" \/>\n<meta name=\"twitter:card\" content=\"summary_large_image\" \/>\n<meta name=\"twitter:label1\" content=\"Estimated reading time\" \/>\n\t<meta name=\"twitter:data1\" content=\"5 minutes\" \/>\n<script type=\"application\/ld+json\" class=\"yoast-schema-graph\">{\"@context\":\"https:\/\/schema.org\",\"@graph\":[{\"@type\":\"WebPage\",\"@id\":\"https:\/\/nikoripka.de\/impressum-datenschutz\/\",\"url\":\"https:\/\/nikoripka.de\/impressum-datenschutz\/\",\"name\":\"Impressum & Datenschutz &#8211; Niko Ripka\",\"isPartOf\":{\"@id\":\"https:\/\/nikoripka.de\/#website\"},\"datePublished\":\"2020-05-01T18:00:41+00:00\",\"dateModified\":\"2025-01-31T19:05:52+00:00\",\"breadcrumb\":{\"@id\":\"https:\/\/nikoripka.de\/impressum-datenschutz\/#breadcrumb\"},\"inLanguage\":\"en-GB\",\"potentialAction\":[{\"@type\":\"ReadAction\",\"target\":[\"https:\/\/nikoripka.de\/impressum-datenschutz\/\"]}]},{\"@type\":\"BreadcrumbList\",\"@id\":\"https:\/\/nikoripka.de\/impressum-datenschutz\/#breadcrumb\",\"itemListElement\":[{\"@type\":\"ListItem\",\"position\":1,\"name\":\"Startseite\",\"item\":\"https:\/\/nikoripka.de\/\"},{\"@type\":\"ListItem\",\"position\":2,\"name\":\"Impressum &#038; Datenschutz\"}]},{\"@type\":\"WebSite\",\"@id\":\"https:\/\/nikoripka.de\/#website\",\"url\":\"https:\/\/nikoripka.de\/\",\"name\":\"Niko Ripka\",\"description\":\"\",\"publisher\":{\"@id\":\"https:\/\/nikoripka.de\/#\/schema\/person\/343d8e08b7c42b68fad2ea06b24b9401\"},\"potentialAction\":[{\"@type\":\"SearchAction\",\"target\":{\"@type\":\"EntryPoint\",\"urlTemplate\":\"https:\/\/nikoripka.de\/?s={search_term_string}\"},\"query-input\":{\"@type\":\"PropertyValueSpecification\",\"valueRequired\":true,\"valueName\":\"search_term_string\"}}],\"inLanguage\":\"en-GB\"},{\"@type\":[\"Person\",\"Organization\"],\"@id\":\"https:\/\/nikoripka.de\/#\/schema\/person\/343d8e08b7c42b68fad2ea06b24b9401\",\"name\":\"Niko Ripka\",\"logo\":{\"@id\":\"https:\/\/nikoripka.de\/#\/schema\/person\/image\/\"},\"sameAs\":[\"https:\/\/nikoripka.de\"]}]}<\/script>\n<!-- \/ Yoast SEO plugin. -->","yoast_head_json":{"title":"Impressum &amp; Daten\u00adschutz \u2013 Niko&nbsp;Ripka","robots":{"index":"index","follow":"follow","max-snippet":"max-snippet:-1","max-image-preview":"max-image-preview:large","max-video-preview":"max-video-preview:-1"},"canonical":"https:\/\/nikoripka.de\/en\/impressum-datenschutz\/","og_locale":"en_GB","og_type":"article","og_title":"Impressum & Datenschutz &#8211; Niko Ripka","og_description":"Verantwortliche Person Nikolas RipkaGertrud-Feiertag-Str. 314469 Potsdam mail@nikoripka.de Haftungsausschluss Unser Angebot enth\u00e4lt Links zu externen Webseiten Dritter, auf deren Inhalte wir keinen Einfluss haben. Deshalb k\u00f6nnen wir f\u00fcr diese...","og_url":"https:\/\/nikoripka.de\/en\/impressum-datenschutz\/","og_site_name":"Niko Ripka","article_modified_time":"2025-01-31T19:05:52+00:00","twitter_card":"summary_large_image","twitter_misc":{"Estimated reading time":"5 minutes"},"schema":{"@context":"https:\/\/schema.org","@graph":[{"@type":"WebPage","@id":"https:\/\/nikoripka.de\/impressum-datenschutz\/","url":"https:\/\/nikoripka.de\/impressum-datenschutz\/","name":"Impressum &amp; Daten\u00adschutz \u2013 Niko&nbsp;Ripka","isPartOf":{"@id":"https:\/\/nikoripka.de\/#website"},"datePublished":"2020-05-01T18:00:41+00:00","dateModified":"2025-01-31T19:05:52+00:00","breadcrumb":{"@id":"https:\/\/nikoripka.de\/impressum-datenschutz\/#breadcrumb"},"inLanguage":"en-GB","potentialAction":[{"@type":"ReadAction","target":["https:\/\/nikoripka.de\/impressum-datenschutz\/"]}]},{"@type":"BreadcrumbList","@id":"https:\/\/nikoripka.de\/impressum-datenschutz\/#breadcrumb","itemListElement":[{"@type":"ListItem","position":1,"name":"Startseite","item":"https:\/\/nikoripka.de\/"},{"@type":"ListItem","position":2,"name":"Impressum &#038; Datenschutz"}]},{"@type":"WebSite","@id":"https:\/\/nikoripka.de\/#website","url":"https:\/\/nikoripka.de\/","name":"Niko Ripka","description":"","publisher":{"@id":"https:\/\/nikoripka.de\/#\/schema\/person\/343d8e08b7c42b68fad2ea06b24b9401"},"potentialAction":[{"@type":"SearchAction","target":{"@type":"EntryPoint","urlTemplate":"https:\/\/nikoripka.de\/?s={search_term_string}"},"query-input":{"@type":"PropertyValueSpecification","valueRequired":true,"valueName":"search_term_string"}}],"inLanguage":"en-GB"},{"@type":["Person","Organization"],"@id":"https:\/\/nikoripka.de\/#\/schema\/person\/343d8e08b7c42b68fad2ea06b24b9401","name":"Niko Ripka","logo":{"@id":"https:\/\/nikoripka.de\/#\/schema\/person\/image\/"},"sameAs":["https:\/\/nikoripka.de"]}]}},"rttpg_featured_image_url":null,"rttpg_author":{"display_name":"Niko Ripka","author_link":"https:\/\/nikoripka.de\/en\/author\/niko\/"},"rttpg_comment":0,"rttpg_category":null,"rttpg_excerpt":"Verantwortliche Person Nikolas RipkaGertrud-Feiertag-Str. 314469 Potsdam mail@nikoripka.de Haftungsausschluss Unser Angebot enth\u00e4lt Links zu externen Webseiten Dritter, auf deren Inhalte wir keinen Einfluss haben. Deshalb k\u00f6nnen wir f\u00fcr diese...","_links":{"self":[{"href":"https:\/\/nikoripka.de\/en\/wp-json\/wp\/v2\/pages\/3","targetHints":{"allow":["GET"]}}],"collection":[{"href":"https:\/\/nikoripka.de\/en\/wp-json\/wp\/v2\/pages"}],"about":[{"href":"https:\/\/nikoripka.de\/en\/wp-json\/wp\/v2\/types\/page"}],"author":[{"embeddable":true,"href":"https:\/\/nikoripka.de\/en\/wp-json\/wp\/v2\/users\/1"}],"replies":[{"embeddable":true,"href":"https:\/\/nikoripka.de\/en\/wp-json\/wp\/v2\/comments?post=3"}],"version-history":[{"count":0,"href":"https:\/\/nikoripka.de\/en\/wp-json\/wp\/v2\/pages\/3\/revisions"}],"wp:attachment":[{"href":"https:\/\/nikoripka.de\/en\/wp-json\/wp\/v2\/media?parent=3"}],"curies":[{"name":"wp","href":"https:\/\/api.w.org\/{rel}","templated":true}]}}